{"id":263,"date":"2016-06-18T20:04:43","date_gmt":"2016-06-18T17:04:43","guid":{"rendered":"http:\/\/demo.safirtema.com\/yakamoz\/?page_id=263"},"modified":"2023-08-28T09:26:55","modified_gmt":"2023-08-28T06:26:55","slug":"hakkimizda","status":"publish","type":"page","link":"https:\/\/www.cokasmatbaa.com.tr\/en\/hakkimizda\/","title":{"rendered":"About Us"},"content":{"rendered":"\r\n<div class=\"wp-block-image\" style=\"text-align: center;\">\r\n<figure class=\"aligncenter\">\r\n<div class=\"group w-full text-token-text-primary border-b border-black\/10 dark:border-gray-900\/50 bg-gray-50 dark:bg-[#444654]\" data-testid=\"conversation-turn-3\">\r\n<div class=\"flex p-4 gap-4 text-base md:gap-6 md:max-w-2xl lg:max-w-[38rem] xl:max-w-3xl md:py-6 lg:px-0 m-auto\">\r\n<div class=\"relative flex w-[calc(100%-50px)] flex-col gap-1 md:gap-3 lg:w-[calc(100%-115px)]\">\r\n<div class=\"flex flex-grow flex-col gap-3 max-w-full\">\r\n<div class=\"min-h-[20px] flex flex-col items-start gap-3 overflow-x-auto whitespace-pre-wrap break-words\">\r\n<div class=\"markdown prose w-full break-words dark:prose-invert light\">\r\n<p><img decoding=\"async\" loading=\"lazy\" class=\"alignnone size-full wp-image-431\" src=\"https:\/\/www.cokasmatbaa.com.tr\/en\/wp-content\/uploads\/2023\/08\/cokas.png\" alt=\"\" width=\"290\" height=\"189\" \/><\/p>\r\n<p>Investment in Aand humanity lies at the foundation of \u00c7oka\u015f Printing.<\/p>\r\n<p>Since its establishment, \u00c7oka\u015f Printing has utilized the most valid and advanced printing techniques and technologies of its time, leading to its current level of knowledge. Modern printing is obligated to provide quality and speed to its customers, which can only be achieved by using high-tech products. \u00c7oka\u015f Printing has made it a principle to provide the best service to its customers by investing in technology and people.<\/p>\r\n<p>Color is not just color; it&#8217;s our life.<\/p>\r\n<p>Color is a tool that attracts, inspires, and creates lasting memories. Finding the right color is an art because each person can interpret every color differently. Maybe you prefer warm and vibrant colors like beige, yellow, or orange. Or perhaps you lean towards cool and deep colors like violet, blue, or turquoise. With our multi-color Komori machines, we can print your desired colors from thousands of different options. We pay attention to every millimeter of the image. And in the end, we deliver the product you&#8217;ve envisioned and wanted.<\/p>\r\n<p>The power of experience.<\/p>\r\n<p>Established in 1981, \u00c7oka\u015f \u00c7olako\u011flu Paper and Printing, over time, continued its activities as \u00c7oka\u015f Group in the field of Digital Printing. With over 39 years of experience, we have become experts in printing, especially in packaging. Our constant search for innovations and our commitment to keeping up with the latest technologies have placed us among the leading companies in the printing and packaging industry.<\/p>\r\n<p>In 2017, we expanded to Europe and America, becoming part of the export product supply chain.<\/p>\r\n<p>\u00c7oka\u015f Paper,<\/p>\r\n<p>\u00c7olako\u011flu Printing, and<\/p>\r\n<p>\u00c7oka\u015f Digital Printing Systems take pride in serving you.<\/p>\r\n<p>Celebrating our 39th year in the industry.<\/p>\r\n<\/div>\r\n<\/div>\r\n<\/div>\r\n<div class=\"flex justify-between lg:block\">\r\n<div class=\"text-gray-400 flex self-end lg:self-center justify-center mt-2 gap-2 md:gap-3 lg:gap-1 lg:absolute lg:top-0 lg:translate-x-full lg:right-0 lg:mt-0 lg:pl-2 visible\"><button class=\"flex ml-auto gap-2 rounded-md p-1 hover:bg-gray-100 hover:text-gray-700 dark:text-gray-400 dark:hover:bg-gray-700 dark:hover:text-gray-200 disabled:dark:hover:text-gray-400\"><\/button>\r\n<div class=\"flex gap-1\">\u00a0<\/div>\r\n<\/div>\r\n<\/div>\r\n<\/div>\r\n<\/div>\r\n<\/div>\r\n<\/figure>\r\n<\/div>\r\n","protected":false},"excerpt":{"rendered":"","protected":false},"author":1,"featured_media":0,"parent":0,"menu_order":0,"comment_status":"closed","ping_status":"closed","template":"","meta":{"footnotes":""},"_links":{"self":[{"href":"https:\/\/www.cokasmatbaa.com.tr\/en\/wp-json\/wp\/v2\/pages\/263"}],"collection":[{"href":"https:\/\/www.cokasmatbaa.com.tr\/en\/wp-json\/wp\/v2\/pages"}],"about":[{"href":"https:\/\/www.cokasmatbaa.com.tr\/en\/wp-json\/wp\/v2\/types\/page"}],"author":[{"embeddable":true,"href":"https:\/\/www.cokasmatbaa.com.tr\/en\/wp-json\/wp\/v2\/users\/1"}],"replies":[{"embeddable":true,"href":"https:\/\/www.cokasmatbaa.com.tr\/en\/wp-json\/wp\/v2\/comments?post=263"}],"version-history":[{"count":6,"href":"https:\/\/www.cokasmatbaa.com.tr\/en\/wp-json\/wp\/v2\/pages\/263\/revisions"}],"predecessor-version":[{"id":434,"href":"https:\/\/www.cokasmatbaa.com.tr\/en\/wp-json\/wp\/v2\/pages\/263\/revisions\/434"}],"wp:attachment":[{"href":"https:\/\/www.cokasmatbaa.com.tr\/en\/wp-json\/wp\/v2\/media?parent=263"}],"curies":[{"name":"wp","href":"https:\/\/api.w.org\/{rel}","templated":true}]}}