{"id":18,"date":"2016-06-17T02:10:53","date_gmt":"2016-06-16T23:10:53","guid":{"rendered":"http:\/\/demo.safirtema.com\/yakamoz\/?page_id=18"},"modified":"2021-06-30T11:54:35","modified_gmt":"2021-06-30T08:54:35","slug":"referanslar","status":"publish","type":"page","link":"https:\/\/www.cokasmatbaa.com.tr\/en\/referanslar\/","title":{"rendered":"Referanslar"},"content":{"rendered":"\n<p>Referanslar sayfa \u015fablonu sayesinde standart WordPress galerilerini a\u015fa\u011f\u0131daki formatta g\u00f6sterebilirsiniz.<\/p>\n\n\n\n<figure class=\"wp-block-gallery columns-3 wp-block-gallery-1 is-layout-flex wp-block-gallery-is-layout-flex\"><ul class=\"blocks-gallery-grid\"><li class=\"blocks-gallery-item\"><figure><img decoding=\"async\" loading=\"lazy\" width=\"555\" height=\"185\" src=\"https:\/\/www.cokasmatbaa.com.tr\/en\/wp-content\/uploads\/2016\/06\/Creativestudio.png\" alt=\"\" data-id=\"19\" class=\"wp-image-19\" srcset=\"https:\/\/www.cokasmatbaa.com.tr\/en\/wp-content\/uploads\/2016\/06\/Creativestudio.png 555w, https:\/\/www.cokasmatbaa.com.tr\/en\/wp-content\/uploads\/2016\/06\/Creativestudio-300x100.png 300w\" sizes=\"(max-width: 555px) 100vw, 555px\" \/><\/figure><\/li><li class=\"blocks-gallery-item\"><figure><img decoding=\"async\" loading=\"lazy\" width=\"321\" height=\"264\" src=\"https:\/\/www.cokasmatbaa.com.tr\/en\/wp-content\/uploads\/2016\/06\/Ecolife.png\" alt=\"\" data-id=\"20\" class=\"wp-image-20\" srcset=\"https:\/\/www.cokasmatbaa.com.tr\/en\/wp-content\/uploads\/2016\/06\/Ecolife.png 321w, https:\/\/www.cokasmatbaa.com.tr\/en\/wp-content\/uploads\/2016\/06\/Ecolife-300x247.png 300w\" sizes=\"(max-width: 321px) 100vw, 321px\" \/><\/figure><\/li><li class=\"blocks-gallery-item\"><figure><img decoding=\"async\" loading=\"lazy\" width=\"208\" height=\"144\" src=\"https:\/\/www.cokasmatbaa.com.tr\/en\/wp-content\/uploads\/2016\/06\/Furnicom.jpg\" alt=\"\" data-id=\"21\" class=\"wp-image-21\"\/><\/figure><\/li><li class=\"blocks-gallery-item\"><figure><img decoding=\"async\" loading=\"lazy\" width=\"184\" height=\"104\" src=\"https:\/\/www.cokasmatbaa.com.tr\/en\/wp-content\/uploads\/2016\/06\/Gustoso.png\" alt=\"\" data-id=\"22\" class=\"wp-image-22\"\/><\/figure><\/li><li class=\"blocks-gallery-item\"><figure><img decoding=\"async\" loading=\"lazy\" width=\"454\" height=\"316\" src=\"https:\/\/www.cokasmatbaa.com.tr\/en\/wp-content\/uploads\/2016\/06\/Infiniteflame.png\" alt=\"\" data-id=\"23\" class=\"wp-image-23\" srcset=\"https:\/\/www.cokasmatbaa.com.tr\/en\/wp-content\/uploads\/2016\/06\/Infiniteflame.png 454w, https:\/\/www.cokasmatbaa.com.tr\/en\/wp-content\/uploads\/2016\/06\/Infiniteflame-300x209.png 300w\" sizes=\"(max-width: 454px) 100vw, 454px\" \/><\/figure><\/li><li class=\"blocks-gallery-item\"><figure><img decoding=\"async\" loading=\"lazy\" width=\"352\" height=\"190\" src=\"https:\/\/www.cokasmatbaa.com.tr\/en\/wp-content\/uploads\/2016\/06\/Macquaire.png\" alt=\"\" data-id=\"24\" class=\"wp-image-24\" srcset=\"https:\/\/www.cokasmatbaa.com.tr\/en\/wp-content\/uploads\/2016\/06\/Macquaire.png 352w, https:\/\/www.cokasmatbaa.com.tr\/en\/wp-content\/uploads\/2016\/06\/Macquaire-300x162.png 300w\" sizes=\"(max-width: 352px) 100vw, 352px\" \/><\/figure><\/li><li class=\"blocks-gallery-item\"><figure><img decoding=\"async\" loading=\"lazy\" width=\"421\" height=\"318\" src=\"https:\/\/www.cokasmatbaa.com.tr\/en\/wp-content\/uploads\/2016\/06\/Marmelade.png\" alt=\"\" data-id=\"25\" class=\"wp-image-25\" srcset=\"https:\/\/www.cokasmatbaa.com.tr\/en\/wp-content\/uploads\/2016\/06\/Marmelade.png 421w, https:\/\/www.cokasmatbaa.com.tr\/en\/wp-content\/uploads\/2016\/06\/Marmelade-300x227.png 300w\" sizes=\"(max-width: 421px) 100vw, 421px\" \/><\/figure><\/li><li class=\"blocks-gallery-item\"><figure><img decoding=\"async\" loading=\"lazy\" width=\"290\" height=\"258\" src=\"https:\/\/www.cokasmatbaa.com.tr\/en\/wp-content\/uploads\/2016\/06\/Mletter.png\" alt=\"\" data-id=\"26\" class=\"wp-image-26\"\/><\/figure><\/li><li class=\"blocks-gallery-item\"><figure><img decoding=\"async\" loading=\"lazy\" width=\"256\" height=\"100\" src=\"https:\/\/www.cokasmatbaa.com.tr\/en\/wp-content\/uploads\/2016\/06\/Nongla.png\" alt=\"\" data-id=\"27\" class=\"wp-image-27\"\/><\/figure><\/li><li class=\"blocks-gallery-item\"><figure><img decoding=\"async\" loading=\"lazy\" width=\"232\" height=\"128\" src=\"https:\/\/www.cokasmatbaa.com.tr\/en\/wp-content\/uploads\/2016\/06\/Riviera.png\" alt=\"\" data-id=\"28\" class=\"wp-image-28\"\/><\/figure><\/li><li class=\"blocks-gallery-item\"><figure><img decoding=\"async\" loading=\"lazy\" width=\"434\" height=\"70\" src=\"https:\/\/www.cokasmatbaa.com.tr\/en\/wp-content\/uploads\/2016\/06\/Simerani.png\" alt=\"\" data-id=\"29\" class=\"wp-image-29\" srcset=\"https:\/\/www.cokasmatbaa.com.tr\/en\/wp-content\/uploads\/2016\/06\/Simerani.png 434w, https:\/\/www.cokasmatbaa.com.tr\/en\/wp-content\/uploads\/2016\/06\/Simerani-300x48.png 300w\" sizes=\"(max-width: 434px) 100vw, 434px\" \/><\/figure><\/li><li class=\"blocks-gallery-item\"><figure><img decoding=\"async\" loading=\"lazy\" width=\"200\" height=\"168\" src=\"https:\/\/www.cokasmatbaa.com.tr\/en\/wp-content\/uploads\/2016\/06\/Unocoffee.jpg\" alt=\"\" data-id=\"30\" class=\"wp-image-30\"\/><\/figure><\/li><\/ul><\/figure>\n","protected":false},"excerpt":{"rendered":"<p>Referanslar sayfa \u015fablonu sayesinde standart WordPress galerilerini a\u015fa\u011f\u0131daki formatta g\u00f6sterebilirsiniz.<\/p>\n","protected":false},"author":1,"featured_media":0,"parent":0,"menu_order":0,"comment_status":"closed","ping_status":"closed","template":"pages\/page-references.php","meta":{"footnotes":""},"_links":{"self":[{"href":"https:\/\/www.cokasmatbaa.com.tr\/en\/wp-json\/wp\/v2\/pages\/18"}],"collection":[{"href":"https:\/\/www.cokasmatbaa.com.tr\/en\/wp-json\/wp\/v2\/pages"}],"about":[{"href":"https:\/\/www.cokasmatbaa.com.tr\/en\/wp-json\/wp\/v2\/types\/page"}],"author":[{"embeddable":true,"href":"https:\/\/www.cokasmatbaa.com.tr\/en\/wp-json\/wp\/v2\/users\/1"}],"replies":[{"embeddable":true,"href":"https:\/\/www.cokasmatbaa.com.tr\/en\/wp-json\/wp\/v2\/comments?post=18"}],"version-history":[{"count":4,"href":"https:\/\/www.cokasmatbaa.com.tr\/en\/wp-json\/wp\/v2\/pages\/18\/revisions"}],"predecessor-version":[{"id":397,"href":"https:\/\/www.cokasmatbaa.com.tr\/en\/wp-json\/wp\/v2\/pages\/18\/revisions\/397"}],"wp:attachment":[{"href":"https:\/\/www.cokasmatbaa.com.tr\/en\/wp-json\/wp\/v2\/media?parent=18"}],"curies":[{"name":"wp","href":"https:\/\/api.w.org\/{rel}","templated":true}]}}